{"id":27,"date":"2020-01-28T10:12:21","date_gmt":"2020-01-28T10:12:21","guid":{"rendered":"http:\/\/zephyros.solutions\/?page_id=27"},"modified":"2025-11-02T20:17:41","modified_gmt":"2025-11-02T20:17:41","slug":"customers","status":"publish","type":"page","link":"https:\/\/zephyros.solutions\/it\/customers\/","title":{"rendered":"I Nostri Progetti"},"content":{"rendered":"<div class=\"wp-block-cover alignfull\" style=\"min-height:612px\"><span aria-hidden=\"true\" class=\"has-background-dim-70 wp-block-cover__gradient-background has-background-dim\"><\/span><img width=\"1280\" height=\"640\" class=\"wp-block-cover__image-background wp-image-183\" alt=\"\" src=\"https:\/\/zephyros.solutions\/wp-content\/uploads\/2021\/01\/agi_out_of_reach_1600px_web-1280x640-1.jpg\" data-object-fit=\"cover\" srcset=\"https:\/\/zephyros.solutions\/wp-content\/uploads\/2021\/01\/agi_out_of_reach_1600px_web-1280x640-1.jpg 1280w, https:\/\/zephyros.solutions\/wp-content\/uploads\/2021\/01\/agi_out_of_reach_1600px_web-1280x640-1-300x150.jpg 300w, https:\/\/zephyros.solutions\/wp-content\/uploads\/2021\/01\/agi_out_of_reach_1600px_web-1280x640-1-1024x512.jpg 1024w, https:\/\/zephyros.solutions\/wp-content\/uploads\/2021\/01\/agi_out_of_reach_1600px_web-1280x640-1-768x384.jpg 768w\" sizes=\"(max-width: 1280px) 100vw, 1280px\" \/><div class=\"wp-block-cover__inner-container\">\n<div class=\"wp-container-1 wp-block-group alignfull\"><div class=\"wp-block-group__inner-container\">\n<p class=\"has-text-align-center has-large-font-size\">Zephyros Solutions offre corsi di formazione su vari temi legati alle nuove tecnologie, dall'intelligenza artificiale al data science. I nostri corsi includono deep learning, machine learning, metodi computazionali, analisi predittiva, data science, Blockchain e molto altro. I corsi sono disponibili in Inglese, Italiano, Olandese e Russo. Il nostro team provvede il materiale necessario al corso (software, appunti, slides) ed \u00e8 possibile seguire il corso sia in presenza che in remoto, a seconda delle esigenze del cliente.<\/p>\n\n\n\n<p class=\"has-text-align-center has-large-font-size\"> <\/p>\n<\/div><\/div>\n\n\n\n<div class=\"wp-container-2 wp-block-buttons\">\n<div class=\"wp-block-button\"><a class=\"wp-block-button__link\" href=\"https:\/\/zephyros.solutions\/it\/academy\/\">Cos'\u00e8 Zephyros Academy?<\/a><\/div>\n<\/div>\n<\/div><\/div>\n\n\n\n<div class=\"wp-container-3 wp-block-group alignfull\"><div class=\"wp-block-group__inner-container\"><\/div><\/div>\n\n\n\n<div class=\"wp-container-4 wp-block-group alignwide\"><div class=\"wp-block-group__inner-container\">\n<p class=\"has-normal-font-size\">Our extensive set of courses is an excellent way to advance your own and your organization&#8217;s AI and data science skills.  The courses can be customized to maximize the return in terms of new skills acquired. An example of courses we have developed is listed below.<\/p>\n<\/div><\/div>\n\n\n\n<div class=\"wp-container-7 wp-block-group alignwide\"><div class=\"wp-block-group__inner-container\">\n<div class=\"wp-container-6 wp-block-group alignwide\"><div class=\"wp-block-group__inner-container\">\n<div class=\"wp-container-5 wp-block-group\"><div class=\"wp-block-group__inner-container\"><\/div><\/div>\n<\/div><\/div>\n<\/div><\/div>\n\n\n\n<div class=\"wp-block-media-text alignwide has-media-on-the-right is-stacked-on-mobile\" style=\"grid-template-columns:auto 20%\"><figure class=\"wp-block-media-text__media\"><img width=\"885\" height=\"396\" src=\"https:\/\/zephyros.solutions\/wp-content\/uploads\/2021\/05\/ICE_all.png\" alt=\"\" class=\"wp-image-553 size-full\" srcset=\"https:\/\/zephyros.solutions\/wp-content\/uploads\/2021\/05\/ICE_all.png 885w, https:\/\/zephyros.solutions\/wp-content\/uploads\/2021\/05\/ICE_all-300x134.png 300w, https:\/\/zephyros.solutions\/wp-content\/uploads\/2021\/05\/ICE_all-768x344.png 768w, https:\/\/zephyros.solutions\/wp-content\/uploads\/2021\/05\/ICE_all-16x7.png 16w\" sizes=\"(max-width: 885px) 100vw, 885px\" \/><\/figure><div class=\"wp-block-media-text__content\">\n<p class=\"has-large-font-size\"><strong>Artificial Intelligence for Astronomy<\/strong><\/p>\n\n\n\n<p>Together with the Institute of Space Sciences (Spain), NVIDIA, and Element-AI, we are providing our contribution to the success of the <a rel=\"noreferrer noopener\" href=\"https:\/\/www.ice.csic.es\/education\/summer-school?view=article&amp;id=13&amp;catid=2\" target=\"_blank\">4th summer school<\/a> for PhD students in space sciences.<\/p>\n<\/div><\/div>\n\n\n\n<div class=\"wp-block-media-text alignwide has-media-on-the-right is-stacked-on-mobile\" style=\"grid-template-columns:auto 19%\"><figure class=\"wp-block-media-text__media\"><img width=\"300\" height=\"141\" src=\"https:\/\/zephyros.solutions\/wp-content\/uploads\/2021\/01\/adecco-2.png\" alt=\"\" class=\"wp-image-246 size-full\"\/><\/figure><div class=\"wp-block-media-text__content\">\n<p class=\"has-large-font-size\"><strong>Artificial Intelligence Academy<\/strong><\/p>\n\n\n\n<p>Zephyros Solutions has created a full-time academy course on Artificial Intelligence (120 hours) for Adecco Formazione. Our course is composed of several modules that span from the foundations of AI to machine learning methods, deep learning, and advanced programming language techniques. <\/p>\n<\/div><\/div>\n\n\n\n<hr class=\"wp-block-separator is-style-wide\"\/>\n\n\n\n<div class=\"wp-block-media-text alignwide has-media-on-the-right is-stacked-on-mobile\" style=\"grid-template-columns:auto 19%\"><figure class=\"wp-block-media-text__media\"><img width=\"300\" height=\"186\" src=\"https:\/\/zephyros.solutions\/wp-content\/uploads\/2021\/01\/modis-2.png\" alt=\"\" class=\"wp-image-247 size-full\"\/><\/figure><div class=\"wp-block-media-text__content\">\n<p class=\"has-large-font-size\"><strong>Data Science and Blockchain<\/strong><\/p>\n\n\n\n<p>Zephyros Solutions ha creato tre corsi per Modis Italia, sul Data Science e tecnologia Blockchain.<\/p>\n<\/div><\/div>\n\n\n\n<hr class=\"wp-block-separator is-style-wide\"\/>\n\n\n\n<div class=\"wp-block-media-text alignwide has-media-on-the-right is-stacked-on-mobile\" style=\"grid-template-columns:auto 19%\"><figure class=\"wp-block-media-text__media\"><img width=\"300\" height=\"156\" src=\"https:\/\/zephyros.solutions\/wp-content\/uploads\/2021\/01\/ods.png\" alt=\"\" class=\"wp-image-296 size-full\"\/><\/figure><div class=\"wp-block-media-text__content\">\n<p class=\"has-large-font-size\"><strong>Julia in DS: crash course<\/strong><\/p>\n\n\n\n<p>Together with Kirill Vlasov, we have created a <a href=\"https:\/\/ods.ai\/tracks\/julia-in-ds-course-df2020\" target=\"_blank\" rel=\"noreferrer noopener\">new crash course<\/a> in the dynamic programming language Julia within the Open Data Science community. The course is available for free. <\/p>\n<\/div><\/div>\n\n\n\n<div class=\"wp-block-media-text alignwide has-media-on-the-right is-stacked-on-mobile\" style=\"grid-template-columns:auto 17%\"><figure class=\"wp-block-media-text__media\"><img width=\"998\" height=\"329\" src=\"https:\/\/zephyros.solutions\/wp-content\/uploads\/2021\/03\/bi-rex.png\" alt=\"\" class=\"wp-image-397 size-full\" srcset=\"https:\/\/zephyros.solutions\/wp-content\/uploads\/2021\/03\/bi-rex.png 998w, https:\/\/zephyros.solutions\/wp-content\/uploads\/2021\/03\/bi-rex-300x99.png 300w, https:\/\/zephyros.solutions\/wp-content\/uploads\/2021\/03\/bi-rex-768x253.png 768w, https:\/\/zephyros.solutions\/wp-content\/uploads\/2021\/03\/bi-rex-16x5.png 16w\" sizes=\"(max-width: 998px) 100vw, 998px\" \/><\/figure><div class=\"wp-block-media-text__content\">\n<p class=\"has-large-font-size\"><strong>Corso di Machine Learning<\/strong><\/p>\n\n\n\n<p>Assieme al nostri partner Modis-Italia, stiamo sviluppando una serie di corsi per il consorzio Bi-Rex. I nostri corsi includono parte del materiale disponibile nell'Artificial Intelligence Track e nel Data Science Track. <a href=\"https:\/\/bi-rex.it\/en\/\">Bi-Rex consortium<\/a>. Our courses include material from our<a rel=\"noreferrer noopener\" href=\"https:\/\/zephyros.solutions\/it\/academy\/artificial-intelligence\/\" target=\"_blank\"> Artificial Intelligence Track<\/a> and <a rel=\"noreferrer noopener\" href=\"https:\/\/zephyros.solutions\/it\/academy\/data-science\/\" target=\"_blank\">Dat<\/a><a rel=\"noreferrer noopener\" href=\"https:\/\/zephyros.solutions\/it\/academy\/data-science\/\" target=\"_blank\">a Science Track<\/a>. <\/p>\n<\/div><\/div>\n\n\n\n<div class=\"wp-block-media-text alignwide has-media-on-the-right is-stacked-on-mobile\" style=\"grid-template-columns:auto 17%\"><figure class=\"wp-block-media-text__media\"><img width=\"644\" height=\"297\" src=\"https:\/\/zephyros.solutions\/wp-content\/uploads\/2025\/11\/Logo_NIER_38405.jpg\" alt=\"\" class=\"wp-image-6023 size-full\" srcset=\"https:\/\/zephyros.solutions\/wp-content\/uploads\/2025\/11\/Logo_NIER_38405.jpg 644w, https:\/\/zephyros.solutions\/wp-content\/uploads\/2025\/11\/Logo_NIER_38405-300x138.jpg 300w, https:\/\/zephyros.solutions\/wp-content\/uploads\/2025\/11\/Logo_NIER_38405-18x8.jpg 18w\" sizes=\"(max-width: 644px) 100vw, 644px\" \/><\/figure><div class=\"wp-block-media-text__content\">\n<p class=\"has-large-font-size\"><strong>AI for Edge and Embedded Devices<\/strong><\/p>\n\n\n\n<p>We developed a specialized AI training course for NIER Ingegneria, which included a hands-on laboratory component using ESP32 and Arduino boards. The lab sessions demonstrated how to design, implement, and deploy edge AI models for real-time inference.<\/p>\n<\/div><\/div>\n\n\n\n<hr class=\"wp-block-separator is-style-wide\"\/>\n\n\n\n<p><\/p>\n\n\n\n<div class=\"wp-block-cover alignfull\"><span aria-hidden=\"true\" class=\"wp-block-cover__gradient-background has-background-dim\"><\/span><img width=\"1600\" height=\"1152\" class=\"wp-block-cover__image-background wp-image-281\" alt=\"\" src=\"https:\/\/zephyros.solutions\/wp-content\/uploads\/2021\/01\/book_zephyros-2.jpeg\" data-object-fit=\"cover\" srcset=\"https:\/\/zephyros.solutions\/wp-content\/uploads\/2021\/01\/book_zephyros-2.jpeg 1600w, https:\/\/zephyros.solutions\/wp-content\/uploads\/2021\/01\/book_zephyros-2-300x216.jpeg 300w, https:\/\/zephyros.solutions\/wp-content\/uploads\/2021\/01\/book_zephyros-2-1024x737.jpeg 1024w, https:\/\/zephyros.solutions\/wp-content\/uploads\/2021\/01\/book_zephyros-2-768x553.jpeg 768w, https:\/\/zephyros.solutions\/wp-content\/uploads\/2021\/01\/book_zephyros-2-1536x1106.jpeg 1536w, https:\/\/zephyros.solutions\/wp-content\/uploads\/2021\/01\/book_zephyros-2-1568x1129.jpeg 1568w\" sizes=\"(max-width: 1600px) 100vw, 1600px\" \/><div class=\"wp-block-cover__inner-container\">\n<p class=\"has-text-align-center has-huge-font-size\"><em>The Next 20 Years &#8211; A practical Guide to Artificial Intelligence<\/em> \u00e8 un libro in fase di completamento che ha lo scopo di illustrare la nostra esperienza come ricercatori, sviluppatori e imprenditori.<\/p>\n<\/div><\/div>\n\n\n\n<p><\/p>\n\n\n\n<div class=\"wp-container-10 wp-block-group alignfull\"><div class=\"wp-block-group__inner-container\">\n<div class=\"wp-container-9 wp-block-group alignfull\"><div class=\"wp-block-group__inner-container\">\n<div class=\"wp-container-8 wp-block-group alignfull\"><div class=\"wp-block-group__inner-container\">\n<hr class=\"wp-block-separator is-style-wide\"\/>\n<\/div><\/div>\n<\/div><\/div>\n<\/div><\/div>\n\n\n\n<p><\/p>\n\n\n\n<figure class=\"wp-block-pullquote alignfull is-style-default\"><blockquote><p><em>Non importa quali problemi incontri, se \u00e8 una grande sfida per l'umanit\u00e0 o un tuo problema personale, c'\u00e8 sempre un'idea da qualche parte l\u00e0 fuori che pu\u00f2 permetterti di risolvere la situazione.<\/em><\/p><cite>RAY KURZWEIL<\/cite><\/blockquote><\/figure>\n\n\n\n<p><\/p>","protected":false},"excerpt":{"rendered":"<p>Our extensive set of courses is an excellent way to advance your own and your organization&#8217;s AI and data science skills. The courses can be customized to maximize the return in terms of new skills acquired. An example of courses we have developed is listed below. Artificial Intelligence for Astronomy Together with the Institute of<a class=\"more-link\" href=\"https:\/\/zephyros.solutions\/it\/customers\/\">Continua a leggere <span class=\"screen-reader-text\">&#8220;Our Projects&#8221;<\/span><\/a><\/p>","protected":false},"author":1,"featured_media":0,"parent":0,"menu_order":1,"comment_status":"closed","ping_status":"closed","template":"","meta":[],"_links":{"self":[{"href":"https:\/\/zephyros.solutions\/it\/wp-json\/wp\/v2\/pages\/27"}],"collection":[{"href":"https:\/\/zephyros.solutions\/it\/wp-json\/wp\/v2\/pages"}],"about":[{"href":"https:\/\/zephyros.solutions\/it\/wp-json\/wp\/v2\/types\/page"}],"author":[{"embeddable":true,"href":"https:\/\/zephyros.solutions\/it\/wp-json\/wp\/v2\/users\/1"}],"replies":[{"embeddable":true,"href":"https:\/\/zephyros.solutions\/it\/wp-json\/wp\/v2\/comments?post=27"}],"version-history":[{"count":55,"href":"https:\/\/zephyros.solutions\/it\/wp-json\/wp\/v2\/pages\/27\/revisions"}],"predecessor-version":[{"id":6031,"href":"https:\/\/zephyros.solutions\/it\/wp-json\/wp\/v2\/pages\/27\/revisions\/6031"}],"wp:attachment":[{"href":"https:\/\/zephyros.solutions\/it\/wp-json\/wp\/v2\/media?parent=27"}],"curies":[{"name":"wp","href":"https:\/\/api.w.org\/{rel}","templated":true}]}}