{"id":2,"date":"2021-02-12T16:35:23","date_gmt":"2021-02-12T16:35:23","guid":{"rendered":"http:\/\/sharpmind.tech\/?page_id=2"},"modified":"2022-03-24T22:45:06","modified_gmt":"2022-03-24T22:45:06","slug":"academy","status":"publish","type":"page","link":"https:\/\/zephyros.solutions\/it\/academy\/","title":{"rendered":"Academy"},"content":{"rendered":"<div class=\"wp-block-cover alignfull\" style=\"min-height:605px\"><span aria-hidden=\"true\" class=\"has-background-dim-80 wp-block-cover__gradient-background has-background-dim\"><\/span><img width=\"1600\" height=\"900\" class=\"wp-block-cover__image-background wp-image-463\" src=\"https:\/\/zephyros.solutions\/wp-content\/uploads\/2021\/03\/academy.jpg\" data-object-fit=\"cover\" srcset=\"https:\/\/zephyros.solutions\/wp-content\/uploads\/2021\/03\/academy.jpg 1600w, https:\/\/zephyros.solutions\/wp-content\/uploads\/2021\/03\/academy-300x169.jpg 300w, https:\/\/zephyros.solutions\/wp-content\/uploads\/2021\/03\/academy-1024x576.jpg 1024w, https:\/\/zephyros.solutions\/wp-content\/uploads\/2021\/03\/academy-768x432.jpg 768w, https:\/\/zephyros.solutions\/wp-content\/uploads\/2021\/03\/academy-1536x864.jpg 1536w, https:\/\/zephyros.solutions\/wp-content\/uploads\/2021\/03\/academy-16x9.jpg 16w, https:\/\/zephyros.solutions\/wp-content\/uploads\/2021\/03\/academy-1568x882.jpg 1568w\" sizes=\"(max-width: 1600px) 100vw, 1600px\" \/><div class=\"wp-block-cover__inner-container\">\n<h1 class=\"has-text-align-center\">Zephyros Academy<\/h1>\n\n\n\n<h4 class=\"has-text-align-center\">Stanco dei soliti corsi online senza interazione? <\/h4>\n\n\n\n<p><\/p>\n\n\n\n<h5 class=\"has-text-align-center\">Personalizza il tuo corso e inizia l'avventura nel mondo dell'Intelligenza Artificiale &amp; Data Science<\/h5>\n\n\n\n<div class=\"wp-container-1 wp-block-buttons is-content-justification-center\">\n<div class=\"wp-block-button\"><a class=\"wp-block-button__link\" href=\"https:\/\/zephyros.solutions\/it\/our-method\/\">Scopri di pi\u00f9<\/a><\/div>\n<\/div>\n\n\n\n<p><\/p>\n<\/div><\/div>\n\n\n\n<div style=\"height:100px\" aria-hidden=\"true\" class=\"wp-block-spacer\"><\/div>\n\n\n\n<figure class=\"wp-block-pullquote alignfull\"><blockquote><p><em>Dimmelo e dimenticher\u00f2, insegnami e forse ricorder\u00f2, coinvolgimi e imparer\u00f2<\/em><\/p><cite>&#8211; Benjamin Franklin &#8211;<\/cite><\/blockquote><\/figure>\n\n\n\n<div style=\"height:100px\" aria-hidden=\"true\" class=\"wp-block-spacer\"><\/div>\n\n\n\n<div class=\"wp-block-columns alignfull are-vertically-aligned-top\">\n<div class=\"wp-block-column is-vertically-aligned-top\">\n<h4 class=\"has-text-align-center\"><a href=\"https:\/\/zephyros.solutions\/it\/artificial-intelligence\/\">AI Track<\/a><\/h4>\n\n\n\n<div class=\"wp-block-image is-style-rounded\"><figure class=\"aligncenter size-full is-resized\"><a href=\"https:\/\/zephyros.solutions\/it\/artificial-intelligence\/\"><img src=\"https:\/\/zephyros.solutions\/wp-content\/uploads\/2021\/03\/ds3-1.png\" alt=\"\" class=\"wp-image-480\" width=\"-40\" height=\"-40\" srcset=\"https:\/\/zephyros.solutions\/wp-content\/uploads\/2021\/03\/ds3-1.png 400w, https:\/\/zephyros.solutions\/wp-content\/uploads\/2021\/03\/ds3-1-300x300.png 300w, https:\/\/zephyros.solutions\/wp-content\/uploads\/2021\/03\/ds3-1-150x150.png 150w, https:\/\/zephyros.solutions\/wp-content\/uploads\/2021\/03\/ds3-1-12x12.png 12w\" sizes=\"(max-width: 400px) 100vw, 400px\" \/><\/a><\/figure><\/div>\n\n\n\n<p class=\"has-text-align-center\">Scopri la potenza dell'Intelligenza Artificiale: dalle tecniche allo stato dell'arte fino ad una immersione nelle architetture delle reti neurali artificiali<\/p>\n<\/div>\n\n\n\n<div class=\"wp-block-column is-vertically-aligned-top\">\n<h4 class=\"has-text-align-center\"><a href=\"https:\/\/zephyros.solutions\/it\/big-data\/\">Big Data Track<\/a><\/h4>\n\n\n\n<div class=\"wp-block-image is-style-rounded\"><figure class=\"aligncenter size-full is-resized\"><a href=\"https:\/\/zephyros.solutions\/it\/big-data\/\"><img src=\"https:\/\/zephyros.solutions\/wp-content\/uploads\/2021\/03\/stat-1.png\" alt=\"\" class=\"wp-image-478\" width=\"-38\" height=\"-38\" srcset=\"https:\/\/zephyros.solutions\/wp-content\/uploads\/2021\/03\/stat-1.png 400w, https:\/\/zephyros.solutions\/wp-content\/uploads\/2021\/03\/stat-1-300x300.png 300w, https:\/\/zephyros.solutions\/wp-content\/uploads\/2021\/03\/stat-1-150x150.png 150w, https:\/\/zephyros.solutions\/wp-content\/uploads\/2021\/03\/stat-1-12x12.png 12w\" sizes=\"(max-width: 400px) 100vw, 400px\" \/><\/a><\/figure><\/div>\n\n\n\n<p class=\"has-text-align-center\">Immersione nel modo del Big Data e dei migliori metodi di analisi per massimizzare i risultati<\/p>\n<\/div>\n\n\n\n<div class=\"wp-block-column is-vertically-aligned-top\">\n<h4 class=\"has-text-align-center\"><a href=\"https:\/\/zephyros.solutions\/it\/data-science\/\">Data Science Track<\/a><\/h4>\n\n\n\n<div class=\"wp-block-image is-style-rounded\"><figure class=\"aligncenter size-full is-resized\"><a href=\"https:\/\/zephyros.solutions\/it\/data-science\/\"><img src=\"https:\/\/zephyros.solutions\/wp-content\/uploads\/2021\/03\/ds2-1.png\" alt=\"\" class=\"wp-image-475\" width=\"-43\" height=\"-45\" srcset=\"https:\/\/zephyros.solutions\/wp-content\/uploads\/2021\/03\/ds2-1.png 400w, https:\/\/zephyros.solutions\/wp-content\/uploads\/2021\/03\/ds2-1-300x300.png 300w, https:\/\/zephyros.solutions\/wp-content\/uploads\/2021\/03\/ds2-1-150x150.png 150w, https:\/\/zephyros.solutions\/wp-content\/uploads\/2021\/03\/ds2-1-12x12.png 12w\" sizes=\"(max-width: 400px) 100vw, 400px\" \/><\/a><\/figure><\/div>\n\n\n\n<p class=\"has-text-align-center\">Come creare dataset perfetti ed estrarre informazioni dai dati&nbsp;<\/p>\n<\/div>\n\n\n\n<div class=\"wp-block-column is-vertically-aligned-top\">\n<h4 class=\"has-text-align-center\"><a href=\"https:\/\/zephyros.solutions\/it\/blockchain-technology\/\">Blockchain Track<\/a><\/h4>\n\n\n\n<div class=\"wp-block-image is-style-rounded\"><figure class=\"aligncenter size-full is-resized\"><a href=\"https:\/\/zephyros.solutions\/it\/blockchain-technology\/\"><img src=\"https:\/\/zephyros.solutions\/wp-content\/uploads\/2021\/03\/blockchain1-1.png\" alt=\"\" class=\"wp-image-476\" width=\"-40\" height=\"-40\" srcset=\"https:\/\/zephyros.solutions\/wp-content\/uploads\/2021\/03\/blockchain1-1.png 400w, https:\/\/zephyros.solutions\/wp-content\/uploads\/2021\/03\/blockchain1-1-300x300.png 300w, https:\/\/zephyros.solutions\/wp-content\/uploads\/2021\/03\/blockchain1-1-150x150.png 150w, https:\/\/zephyros.solutions\/wp-content\/uploads\/2021\/03\/blockchain1-1-12x12.png 12w\" sizes=\"(max-width: 400px) 100vw, 400px\" \/><\/a><\/figure><\/div>\n\n\n\n<p class=\"has-text-align-center\">Scopri i segreti della tecnologia Blockchain e come utilizzarla nelle tue attivit\u00e0 <\/p>\n<\/div>\n<\/div>\n\n\n\n<div class=\"wp-container-2 wp-block-buttons alignwide\">\n<div class=\"wp-block-button\"><a class=\"wp-block-button__link\" href=\"https:\/\/zephyros.solutions\/it\/request-more-info\/\" target=\"_blank\" rel=\"noreferrer noopener\">Richiedi Maggiori Informazioni<\/a><\/div>\n<\/div>\n\n\n\n<div style=\"height:100px\" aria-hidden=\"true\" class=\"wp-block-spacer\"><\/div>\n\n\n\n<p><\/p>\n\n\n\n<div class=\"wp-block-media-text alignfull is-stacked-on-mobile\" style=\"grid-template-columns:47% auto\"><figure class=\"wp-block-media-text__media\"><img width=\"1024\" height=\"683\" src=\"https:\/\/zephyros.solutions\/wp-content\/uploads\/2021\/03\/businessman-working-with-computer-on-table-free-photo-1024x683.jpg\" alt=\"\" class=\"wp-image-455 size-full\" srcset=\"https:\/\/zephyros.solutions\/wp-content\/uploads\/2021\/03\/businessman-working-with-computer-on-table-free-photo-1024x683.jpg 1024w, https:\/\/zephyros.solutions\/wp-content\/uploads\/2021\/03\/businessman-working-with-computer-on-table-free-photo-300x200.jpg 300w, https:\/\/zephyros.solutions\/wp-content\/uploads\/2021\/03\/businessman-working-with-computer-on-table-free-photo-768x512.jpg 768w, https:\/\/zephyros.solutions\/wp-content\/uploads\/2021\/03\/businessman-working-with-computer-on-table-free-photo-16x12.jpg 16w, https:\/\/zephyros.solutions\/wp-content\/uploads\/2021\/03\/businessman-working-with-computer-on-table-free-photo.jpg 1470w\" sizes=\"(max-width: 1024px) 100vw, 1024px\" \/><\/figure><div class=\"wp-block-media-text__content\">\n<p class=\"has-text-align-center has-large-font-size\">Scopri cosa pu\u00f2 fare Zephyros Solutions per te o per la tua compagnia. Prendi appuntamento con i nostri esperti e seleziona una data per un demo gratuito!<\/p>\n\n\n\n<div class=\"wp-container-3 wp-block-buttons is-content-justification-center\">\n<div class=\"wp-block-button is-style-outline\"><a class=\"wp-block-button__link\" href=\"https:\/\/zephyros.solutions\/it\/book-your-appointment\/\" target=\"_blank\" rel=\"noreferrer noopener\">Prenota una Dimostrazione<\/a><\/div>\n<\/div>\n\n\n\n<p><\/p>\n<\/div><\/div>\n\n\n\n<div class=\"wp-block-columns\">\n<div class=\"wp-block-column\" style=\"flex-basis:100%\"><\/div>\n<\/div>\n\n\n\n<p><\/p>","protected":false},"excerpt":{"rendered":"<p>Tell me and I forget, teach me and I may remember, involve me and I learn. &#8211; Benjamin Franklin &#8211; AI Track Unleash the power of artificial intelligence: from state of the art methods to a deep dive into artificial neural network architectures Big Data Track A deep dive into big data and the best<a class=\"more-link\" href=\"https:\/\/zephyros.solutions\/it\/academy\/\">Continua a leggere <span class=\"screen-reader-text\">&#8220;Academy&#8221;<\/span><\/a><\/p>","protected":false},"author":1,"featured_media":0,"parent":0,"menu_order":0,"comment_status":"closed","ping_status":"closed","template":"","meta":[],"_links":{"self":[{"href":"https:\/\/zephyros.solutions\/it\/wp-json\/wp\/v2\/pages\/2"}],"collection":[{"href":"https:\/\/zephyros.solutions\/it\/wp-json\/wp\/v2\/pages"}],"about":[{"href":"https:\/\/zephyros.solutions\/it\/wp-json\/wp\/v2\/types\/page"}],"author":[{"embeddable":true,"href":"https:\/\/zephyros.solutions\/it\/wp-json\/wp\/v2\/users\/1"}],"replies":[{"embeddable":true,"href":"https:\/\/zephyros.solutions\/it\/wp-json\/wp\/v2\/comments?post=2"}],"version-history":[{"count":25,"href":"https:\/\/zephyros.solutions\/it\/wp-json\/wp\/v2\/pages\/2\/revisions"}],"predecessor-version":[{"id":599,"href":"https:\/\/zephyros.solutions\/it\/wp-json\/wp\/v2\/pages\/2\/revisions\/599"}],"wp:attachment":[{"href":"https:\/\/zephyros.solutions\/it\/wp-json\/wp\/v2\/media?parent=2"}],"curies":[{"name":"wp","href":"https:\/\/api.w.org\/{rel}","templated":true}]}}