{"id":101,"date":"2021-02-22T09:44:03","date_gmt":"2021-02-22T09:44:03","guid":{"rendered":"https:\/\/sharpmind.tech\/?page_id=101"},"modified":"2022-03-25T21:03:30","modified_gmt":"2022-03-25T21:03:30","slug":"our-method","status":"publish","type":"page","link":"https:\/\/zephyros.solutions\/it\/our-method\/","title":{"rendered":"Il Nostro Metodo"},"content":{"rendered":"<div class=\"wp-block-cover alignfull is-light\" style=\"min-height:343px\"><span aria-hidden=\"true\" class=\"has-background-dim-70 wp-block-cover__gradient-background has-background-dim\"><\/span><div class=\"wp-block-cover__inner-container\">\n<h5 class=\"has-text-align-center\">Continuous student\/trainer interaction, content optimized for each participant and constant progress tracking. <\/h5>\n\n\n\n<h5 class=\"has-text-align-center has-background-color has-text-color\">You will follow lectures, practical exercises, coding sessions and participate to our laboratories directly with the trainers. <\/h5>\n\n\n\n<p class=\"has-text-align-center\" style=\"font-size:28px\"><\/p>\n<\/div><\/div>\n\n\n\n<p class=\"has-text-align-center\">Zephyros Solutions offre quattro percorsi formativi: Intelligenza Artificiale, Big Data, Data Science e Blockchain. Ogni percorso formativo \u00e8 composto da corsi modulari che ti aiutaranno a raggiungere l'obiettivo. La durata di un tipico corso \u00e8 di 8-24 ore mentre l'intero percorso formativo dura 120 ore. Ogni corso \u00e8 calibrato sulle conoscenze pregresse dei partecipanti. Le lezioni hanno un calendario ed orario flessibile per venire incontro ai tuoi impegni. Nessuna lezione \u00e8 pre-registrata, il partecipante segue la lezione in costante contatto con il trainer. Sono disponibili corsi sia in presenza che a distanza. <\/p>\n\n\n\n<div style=\"height:100px\" aria-hidden=\"true\" class=\"wp-block-spacer\"><\/div>\n\n\n\n<div class=\"wp-block-media-text alignwide is-stacked-on-mobile\" style=\"grid-template-columns:40% auto\"><figure class=\"wp-block-media-text__media\"><img width=\"1000\" height=\"1000\" src=\"https:\/\/zephyros.solutions\/wp-content\/uploads\/2021\/03\/to-do-list-in-your-back-office.jpg\" alt=\"\" class=\"wp-image-460 size-full\" srcset=\"https:\/\/zephyros.solutions\/wp-content\/uploads\/2021\/03\/to-do-list-in-your-back-office.jpg 1000w, https:\/\/zephyros.solutions\/wp-content\/uploads\/2021\/03\/to-do-list-in-your-back-office-300x300.jpg 300w, https:\/\/zephyros.solutions\/wp-content\/uploads\/2021\/03\/to-do-list-in-your-back-office-150x150.jpg 150w, https:\/\/zephyros.solutions\/wp-content\/uploads\/2021\/03\/to-do-list-in-your-back-office-768x768.jpg 768w, https:\/\/zephyros.solutions\/wp-content\/uploads\/2021\/03\/to-do-list-in-your-back-office-12x12.jpg 12w\" sizes=\"(max-width: 1000px) 100vw, 1000px\" \/><\/figure><div class=\"wp-block-media-text__content\">\n<p class=\"has-large-font-size\">Dieci Vantaggi del Nostro Metodo<\/p>\n\n\n\n<ol><li>Impara con un orario flessibile che segua le tue esigenze.<\/li><li>Non avere spazio per procrastinare<\/li><li>Interagisci con istruttori stimolanti<\/li><li>Hai i nostri istruttori in sede <\/li><li>Impara nuove competenze con un impatto pratico<\/li><li>Crea la tua personale combinazione di corsi<\/li><li>Personalizza ogni corso per soddisfare le tue reali esigenze<\/li><li>Learn material that is at the forefront and always up-to-date<\/li><li>Ottieni supporto costante dalla nostra organizzazione<\/li><li>Receive notes, code and other studying material that you can re-use in your business<\/li><\/ol>\n\n\n\n<p><\/p>\n<\/div><\/div>\n\n\n\n<div class=\"wp-container-1 wp-block-buttons\">\n<div class=\"wp-block-button\"><a class=\"wp-block-button__link\" href=\"https:\/\/zephyros.solutions\/it\/request-more-info\/\" target=\"_blank\" rel=\"noreferrer noopener\">Richiedi Maggiori Informazioni<\/a><\/div>\n<\/div>\n\n\n\n<p><\/p>","protected":false},"excerpt":{"rendered":"<p>We offer four tracks: Artificial Intelligence, Big Data, Data Science and Blockchain. Each track is made by several courses that help you reach a final goal. The typical course length goes from 8 to 24 hours whereas a full track consists of 120 hours. Each course can be chosen according to the level of proficiency<a class=\"more-link\" href=\"https:\/\/zephyros.solutions\/it\/our-method\/\">Continua a leggere <span class=\"screen-reader-text\">&#8220;Our Method&#8221;<\/span><\/a><\/p>","protected":false},"author":1,"featured_media":0,"parent":0,"menu_order":0,"comment_status":"closed","ping_status":"closed","template":"","meta":[],"_links":{"self":[{"href":"https:\/\/zephyros.solutions\/it\/wp-json\/wp\/v2\/pages\/101"}],"collection":[{"href":"https:\/\/zephyros.solutions\/it\/wp-json\/wp\/v2\/pages"}],"about":[{"href":"https:\/\/zephyros.solutions\/it\/wp-json\/wp\/v2\/types\/page"}],"author":[{"embeddable":true,"href":"https:\/\/zephyros.solutions\/it\/wp-json\/wp\/v2\/users\/1"}],"replies":[{"embeddable":true,"href":"https:\/\/zephyros.solutions\/it\/wp-json\/wp\/v2\/comments?post=101"}],"version-history":[{"count":11,"href":"https:\/\/zephyros.solutions\/it\/wp-json\/wp\/v2\/pages\/101\/revisions"}],"predecessor-version":[{"id":676,"href":"https:\/\/zephyros.solutions\/it\/wp-json\/wp\/v2\/pages\/101\/revisions\/676"}],"wp:attachment":[{"href":"https:\/\/zephyros.solutions\/it\/wp-json\/wp\/v2\/media?parent=101"}],"curies":[{"name":"wp","href":"https:\/\/api.w.org\/{rel}","templated":true}]}}